{"id":1901,"date":"2026-03-16T01:24:16","date_gmt":"2026-03-16T01:24:16","guid":{"rendered":"https:\/\/arcticwebtestsite.fi\/?page_id=1901"},"modified":"2026-04-21T21:40:58","modified_gmt":"2026-04-21T21:40:58","slug":"erikoiskoneet","status":"publish","type":"page","link":"https:\/\/artic-freetec.com\/?page_id=1901","title":{"rendered":"ERIKOISKONEET"},"content":{"rendered":"\t\t<div data-elementor-type=\"wp-page\" data-elementor-id=\"1901\" class=\"elementor elementor-1901\">\n\t\t\t\t<div class=\"elementor-element elementor-element-j9dgeqz e-flex e-con-boxed e-con e-parent\" data-id=\"j9dgeqz\" data-element_type=\"container\" data-e-type=\"container\" data-settings=\"{&quot;background_background&quot;:&quot;classic&quot;}\">\n\t\t\t\t\t<div class=\"e-con-inner\">\n\t\t<div class=\"elementor-element elementor-element-0502d81 e-con-full e-flex e-con e-child\" data-id=\"0502d81\" data-element_type=\"container\" data-e-type=\"container\">\n\t\t\t\t<div class=\"elementor-element elementor-element-03d202b elementor-widget elementor-widget-heading\" data-id=\"03d202b\" data-element_type=\"widget\" data-e-type=\"widget\" data-widget_type=\"heading.default\">\n\t\t\t\t<div class=\"elementor-widget-container\">\n\t\t\t\t\t<div class=\"elementor-heading-title elementor-size-default\">Erikoiskoneet<\/div>\t\t\t\t<\/div>\n\t\t\t\t<\/div>\n\t\t\t\t<\/div>\n\t\t\t\t\t<\/div>\n\t\t\t\t<\/div>\n\t\t<div class=\"elementor-element elementor-element-49rvpv9 e-flex e-con-boxed e-con e-parent\" data-id=\"49rvpv9\" data-element_type=\"container\" data-e-type=\"container\">\n\t\t\t\t\t<div class=\"e-con-inner\">\n\t\t<div class=\"elementor-element elementor-element-89a7aec e-con-full e-flex e-con e-child\" data-id=\"89a7aec\" data-element_type=\"container\" data-e-type=\"container\">\n\t\t\t\t<div class=\"elementor-element elementor-element-a01f0dc elementor-widget elementor-widget-heading\" data-id=\"a01f0dc\" data-element_type=\"widget\" data-e-type=\"widget\" data-widget_type=\"heading.default\">\n\t\t\t\t<div class=\"elementor-widget-container\">\n\t\t\t\t\t<h2 class=\"elementor-heading-title elementor-size-default\">turvekoneet<\/h2>\t\t\t\t<\/div>\n\t\t\t\t<\/div>\n\t\t\t\t<div class=\"elementor-element elementor-element-e871351 elementor-widget elementor-widget-text-editor\" data-id=\"e871351\" data-element_type=\"widget\" data-e-type=\"widget\" data-widget_type=\"text-editor.default\">\n\t\t\t\t<div class=\"elementor-widget-container\">\n\t\t\t\t\t\t\t\t\t<p>Teemme uusiin ja k\u00e4ytettyihin rinnekoneisiin aumaus \/ turvekoneiden muutosty\u00f6t.<\/p>\t\t\t\t\t\t\t\t<\/div>\n\t\t\t\t<\/div>\n\t\t\t\t<\/div>\n\t\t<div class=\"elementor-element elementor-element-e8e4600 e-con-full e-flex e-con e-child\" data-id=\"e8e4600\" data-element_type=\"container\" data-e-type=\"container\">\n\t\t\t\t<div class=\"elementor-element elementor-element-6060d91 elementor-widget elementor-widget-image\" data-id=\"6060d91\" data-element_type=\"widget\" data-e-type=\"widget\" data-widget_type=\"image.default\">\n\t\t\t\t<div class=\"elementor-widget-container\">\n\t\t\t\t\t\t\t\t\t\t\t\t\t\t\t<img fetchpriority=\"high\" decoding=\"async\" width=\"900\" height=\"675\" src=\"https:\/\/artic-freetec.com\/wp-content\/uploads\/2026\/04\/Kuva.jpeg\" class=\"attachment-full size-full wp-image-1955\" alt=\"\" srcset=\"https:\/\/artic-freetec.com\/wp-content\/uploads\/2026\/04\/Kuva.jpeg 900w, https:\/\/artic-freetec.com\/wp-content\/uploads\/2026\/04\/Kuva-300x225.jpeg 300w, https:\/\/artic-freetec.com\/wp-content\/uploads\/2026\/04\/Kuva-768x576.jpeg 768w\" sizes=\"(max-width: 900px) 100vw, 900px\" \/>\t\t\t\t\t\t\t\t\t\t\t\t\t\t\t<\/div>\n\t\t\t\t<\/div>\n\t\t\t\t<\/div>\n\t\t\t\t\t<\/div>\n\t\t\t\t<\/div>\n\t\t<div class=\"elementor-element elementor-element-6bed2dd e-grid e-con-boxed e-con e-parent\" data-id=\"6bed2dd\" data-element_type=\"container\" data-e-type=\"container\">\n\t\t\t\t\t<div class=\"e-con-inner\">\n\t\t<div class=\"elementor-element elementor-element-510903c e-con-full e-flex e-con e-child\" data-id=\"510903c\" data-element_type=\"container\" data-e-type=\"container\">\n\t\t\t\t<div class=\"elementor-element elementor-element-763b80d elementor-widget elementor-widget-image\" data-id=\"763b80d\" data-element_type=\"widget\" data-e-type=\"widget\" data-widget_type=\"image.default\">\n\t\t\t\t<div class=\"elementor-widget-container\">\n\t\t\t\t\t\t\t\t\t\t\t\t\t\t\t<img decoding=\"async\" width=\"1024\" height=\"576\" src=\"https:\/\/artic-freetec.com\/wp-content\/uploads\/2026\/04\/WP_20150713_18_53_34_Pro-1024x576.jpg\" class=\"attachment-large size-large wp-image-1982\" alt=\"\" srcset=\"https:\/\/artic-freetec.com\/wp-content\/uploads\/2026\/04\/WP_20150713_18_53_34_Pro-1024x576.jpg 1024w, https:\/\/artic-freetec.com\/wp-content\/uploads\/2026\/04\/WP_20150713_18_53_34_Pro-300x169.jpg 300w, https:\/\/artic-freetec.com\/wp-content\/uploads\/2026\/04\/WP_20150713_18_53_34_Pro-768x432.jpg 768w, https:\/\/artic-freetec.com\/wp-content\/uploads\/2026\/04\/WP_20150713_18_53_34_Pro-1536x864.jpg 1536w, https:\/\/artic-freetec.com\/wp-content\/uploads\/2026\/04\/WP_20150713_18_53_34_Pro-2048x1152.jpg 2048w\" sizes=\"(max-width: 1024px) 100vw, 1024px\" \/>\t\t\t\t\t\t\t\t\t\t\t\t\t\t\t<\/div>\n\t\t\t\t<\/div>\n\t\t\t\t<\/div>\n\t\t<div class=\"elementor-element elementor-element-ef45a75 e-con-full e-flex e-con e-child\" data-id=\"ef45a75\" data-element_type=\"container\" data-e-type=\"container\">\n\t\t\t\t<div class=\"elementor-element elementor-element-660cdd1 elementor-widget elementor-widget-image\" data-id=\"660cdd1\" data-element_type=\"widget\" data-e-type=\"widget\" data-widget_type=\"image.default\">\n\t\t\t\t<div class=\"elementor-widget-container\">\n\t\t\t\t\t\t\t\t\t\t\t\t\t\t\t<img decoding=\"async\" width=\"900\" height=\"675\" src=\"https:\/\/artic-freetec.com\/wp-content\/uploads\/2026\/04\/Kuva-3.jpeg\" class=\"attachment-large size-large wp-image-1983\" alt=\"\" srcset=\"https:\/\/artic-freetec.com\/wp-content\/uploads\/2026\/04\/Kuva-3.jpeg 900w, https:\/\/artic-freetec.com\/wp-content\/uploads\/2026\/04\/Kuva-3-300x225.jpeg 300w, https:\/\/artic-freetec.com\/wp-content\/uploads\/2026\/04\/Kuva-3-768x576.jpeg 768w\" sizes=\"(max-width: 900px) 100vw, 900px\" \/>\t\t\t\t\t\t\t\t\t\t\t\t\t\t\t<\/div>\n\t\t\t\t<\/div>\n\t\t\t\t<\/div>\n\t\t\t\t\t<\/div>\n\t\t\t\t<\/div>\n\t\t<div class=\"elementor-element elementor-element-8cd1d01 e-flex e-con-boxed e-con e-parent\" data-id=\"8cd1d01\" data-element_type=\"container\" data-e-type=\"container\">\n\t\t\t\t\t<div class=\"e-con-inner\">\n\t\t\t\t<div class=\"elementor-element elementor-element-9e15bfd elementor-widget elementor-widget-spacer\" data-id=\"9e15bfd\" data-element_type=\"widget\" data-e-type=\"widget\" data-widget_type=\"spacer.default\">\n\t\t\t\t<div class=\"elementor-widget-container\">\n\t\t\t\t\t\t\t<div class=\"elementor-spacer\">\n\t\t\t<div class=\"elementor-spacer-inner\"><\/div>\n\t\t<\/div>\n\t\t\t\t\t\t<\/div>\n\t\t\t\t<\/div>\n\t\t\t\t\t<\/div>\n\t\t\t\t<\/div>\n\t\t<div class=\"elementor-element elementor-element-41c5012 e-flex e-con-boxed e-con e-parent\" data-id=\"41c5012\" data-element_type=\"container\" data-e-type=\"container\">\n\t\t\t\t\t<div class=\"e-con-inner\">\n\t\t<div class=\"elementor-element elementor-element-3035ef5 e-con-full e-flex e-con e-child\" data-id=\"3035ef5\" data-element_type=\"container\" data-e-type=\"container\">\n\t\t\t\t<div class=\"elementor-element elementor-element-391cc4e elementor-widget elementor-widget-heading\" data-id=\"391cc4e\" data-element_type=\"widget\" data-e-type=\"widget\" data-widget_type=\"heading.default\">\n\t\t\t\t<div class=\"elementor-widget-container\">\n\t\t\t\t\t<div class=\"elementor-heading-title elementor-size-default\">Erikoiskoneet<\/div>\t\t\t\t<\/div>\n\t\t\t\t<\/div>\n\t\t\t\t<div class=\"elementor-element elementor-element-a8c2bf7 elementor-widget elementor-widget-heading\" data-id=\"a8c2bf7\" data-element_type=\"widget\" data-e-type=\"widget\" data-widget_type=\"heading.default\">\n\t\t\t\t<div class=\"elementor-widget-container\">\n\t\t\t\t\t<div class=\"elementor-heading-title elementor-size-default\">Teemme my\u00f6s Asiakkaiden  tarpeiden mukaan erikoiskoneita ja ratkaisuja. Ole yhteydess\u00e4 niin katsotaan voimmeko olla avuksi!<\/div>\t\t\t\t<\/div>\n\t\t\t\t<\/div>\n\t\t\t\t<\/div>\n\t\t<div class=\"elementor-element elementor-element-7558efd e-con-full e-flex e-con e-child\" data-id=\"7558efd\" data-element_type=\"container\" data-e-type=\"container\">\n\t\t\t\t<div class=\"elementor-element elementor-element-5b552d7 elementor-widget elementor-widget-image\" data-id=\"5b552d7\" data-element_type=\"widget\" data-e-type=\"widget\" data-widget_type=\"image.default\">\n\t\t\t\t<div class=\"elementor-widget-container\">\n\t\t\t\t\t\t\t\t\t\t\t\t\t\t\t<img loading=\"lazy\" decoding=\"async\" width=\"800\" height=\"480\" src=\"https:\/\/artic-freetec.com\/wp-content\/uploads\/2026\/04\/vapo-eve.jpg\" class=\"attachment-large size-large wp-image-1987\" alt=\"\" srcset=\"https:\/\/artic-freetec.com\/wp-content\/uploads\/2026\/04\/vapo-eve.jpg 800w, https:\/\/artic-freetec.com\/wp-content\/uploads\/2026\/04\/vapo-eve-300x180.jpg 300w, https:\/\/artic-freetec.com\/wp-content\/uploads\/2026\/04\/vapo-eve-768x461.jpg 768w\" sizes=\"(max-width: 800px) 100vw, 800px\" \/>\t\t\t\t\t\t\t\t\t\t\t\t\t\t\t<\/div>\n\t\t\t\t<\/div>\n\t\t\t\t<\/div>\n\t\t<div class=\"elementor-element elementor-element-9299884 e-con-full e-flex e-con e-child\" data-id=\"9299884\" data-element_type=\"container\" data-e-type=\"container\">\n\t\t\t\t<div class=\"elementor-element elementor-element-0eb806b elementor-widget elementor-widget-image\" data-id=\"0eb806b\" data-element_type=\"widget\" data-e-type=\"widget\" data-widget_type=\"image.default\">\n\t\t\t\t<div class=\"elementor-widget-container\">\n\t\t\t\t\t\t\t\t\t\t\t\t\t\t\t<img loading=\"lazy\" decoding=\"async\" width=\"1024\" height=\"576\" src=\"https:\/\/artic-freetec.com\/wp-content\/uploads\/2026\/04\/DSC01911-1-1024x576.jpg\" class=\"attachment-large size-large wp-image-1988\" alt=\"\" srcset=\"https:\/\/artic-freetec.com\/wp-content\/uploads\/2026\/04\/DSC01911-1-1024x576.jpg 1024w, https:\/\/artic-freetec.com\/wp-content\/uploads\/2026\/04\/DSC01911-1-300x169.jpg 300w, https:\/\/artic-freetec.com\/wp-content\/uploads\/2026\/04\/DSC01911-1-768x432.jpg 768w, https:\/\/artic-freetec.com\/wp-content\/uploads\/2026\/04\/DSC01911-1-1536x864.jpg 1536w, https:\/\/artic-freetec.com\/wp-content\/uploads\/2026\/04\/DSC01911-1.jpg 1920w\" sizes=\"(max-width: 1024px) 100vw, 1024px\" \/>\t\t\t\t\t\t\t\t\t\t\t\t\t\t\t<\/div>\n\t\t\t\t<\/div>\n\t\t\t\t<div class=\"elementor-element elementor-element-bb5cc4f elementor-widget elementor-widget-image\" data-id=\"bb5cc4f\" data-element_type=\"widget\" data-e-type=\"widget\" data-widget_type=\"image.default\">\n\t\t\t\t<div class=\"elementor-widget-container\">\n\t\t\t\t\t\t\t\t\t\t\t\t\t\t\t<img loading=\"lazy\" decoding=\"async\" width=\"1024\" height=\"576\" src=\"https:\/\/artic-freetec.com\/wp-content\/uploads\/2026\/04\/WP_20160831_15_34_44_Pro-1024x576.jpg\" class=\"attachment-large size-large wp-image-1991\" alt=\"\" srcset=\"https:\/\/artic-freetec.com\/wp-content\/uploads\/2026\/04\/WP_20160831_15_34_44_Pro-1024x576.jpg 1024w, https:\/\/artic-freetec.com\/wp-content\/uploads\/2026\/04\/WP_20160831_15_34_44_Pro-300x169.jpg 300w, https:\/\/artic-freetec.com\/wp-content\/uploads\/2026\/04\/WP_20160831_15_34_44_Pro-768x432.jpg 768w, https:\/\/artic-freetec.com\/wp-content\/uploads\/2026\/04\/WP_20160831_15_34_44_Pro-1536x864.jpg 1536w, https:\/\/artic-freetec.com\/wp-content\/uploads\/2026\/04\/WP_20160831_15_34_44_Pro-2048x1152.jpg 2048w\" sizes=\"(max-width: 1024px) 100vw, 1024px\" \/>\t\t\t\t\t\t\t\t\t\t\t\t\t\t\t<\/div>\n\t\t\t\t<\/div>\n\t\t\t\t<\/div>\n\t\t<div class=\"elementor-element elementor-element-e4cf25f e-con-full e-flex e-con e-child\" data-id=\"e4cf25f\" data-element_type=\"container\" data-e-type=\"container\">\n\t\t\t\t<div class=\"elementor-element elementor-element-58c179e elementor-widget elementor-widget-image\" data-id=\"58c179e\" data-element_type=\"widget\" data-e-type=\"widget\" data-widget_type=\"image.default\">\n\t\t\t\t<div class=\"elementor-widget-container\">\n\t\t\t\t\t\t\t\t\t\t\t\t\t\t\t<img loading=\"lazy\" decoding=\"async\" width=\"1024\" height=\"614\" src=\"https:\/\/artic-freetec.com\/wp-content\/uploads\/2026\/04\/samsung-galaxy-kuvat-17-19-966-1024x614.jpg\" class=\"attachment-large size-large wp-image-1989\" alt=\"\" srcset=\"https:\/\/artic-freetec.com\/wp-content\/uploads\/2026\/04\/samsung-galaxy-kuvat-17-19-966-1024x614.jpg 1024w, https:\/\/artic-freetec.com\/wp-content\/uploads\/2026\/04\/samsung-galaxy-kuvat-17-19-966-300x180.jpg 300w, https:\/\/artic-freetec.com\/wp-content\/uploads\/2026\/04\/samsung-galaxy-kuvat-17-19-966-768x461.jpg 768w, https:\/\/artic-freetec.com\/wp-content\/uploads\/2026\/04\/samsung-galaxy-kuvat-17-19-966-1536x922.jpg 1536w, https:\/\/artic-freetec.com\/wp-content\/uploads\/2026\/04\/samsung-galaxy-kuvat-17-19-966-2048x1229.jpg 2048w\" sizes=\"(max-width: 1024px) 100vw, 1024px\" \/>\t\t\t\t\t\t\t\t\t\t\t\t\t\t\t<\/div>\n\t\t\t\t<\/div>\n\t\t\t\t<div class=\"elementor-element elementor-element-5ffcf01 elementor-widget elementor-widget-image\" data-id=\"5ffcf01\" data-element_type=\"widget\" data-e-type=\"widget\" data-widget_type=\"image.default\">\n\t\t\t\t<div class=\"elementor-widget-container\">\n\t\t\t\t\t\t\t\t\t\t\t\t\t\t\t<img loading=\"lazy\" decoding=\"async\" width=\"768\" height=\"1024\" src=\"https:\/\/artic-freetec.com\/wp-content\/uploads\/2026\/04\/20231011_154629-768x1024.jpg\" class=\"attachment-large size-large wp-image-1997\" alt=\"\" srcset=\"https:\/\/artic-freetec.com\/wp-content\/uploads\/2026\/04\/20231011_154629-768x1024.jpg 768w, https:\/\/artic-freetec.com\/wp-content\/uploads\/2026\/04\/20231011_154629-225x300.jpg 225w, https:\/\/artic-freetec.com\/wp-content\/uploads\/2026\/04\/20231011_154629-1152x1536.jpg 1152w, https:\/\/artic-freetec.com\/wp-content\/uploads\/2026\/04\/20231011_154629-1536x2048.jpg 1536w, https:\/\/artic-freetec.com\/wp-content\/uploads\/2026\/04\/20231011_154629-scaled.jpg 1920w\" sizes=\"(max-width: 768px) 100vw, 768px\" \/>\t\t\t\t\t\t\t\t\t\t\t\t\t\t\t<\/div>\n\t\t\t\t<\/div>\n\t\t\t\t<\/div>\n\t\t\t\t\t<\/div>\n\t\t\t\t<\/div>\n\t\t<div class=\"elementor-element elementor-element-9f2109b e-flex e-con-boxed e-con e-parent\" data-id=\"9f2109b\" data-element_type=\"container\" data-e-type=\"container\">\n\t\t\t\t\t<div class=\"e-con-inner\">\n\t\t\t\t<div class=\"elementor-element elementor-element-5df7bfe elementor-widget elementor-widget-spacer\" data-id=\"5df7bfe\" data-element_type=\"widget\" data-e-type=\"widget\" data-widget_type=\"spacer.default\">\n\t\t\t\t<div class=\"elementor-widget-container\">\n\t\t\t\t\t\t\t<div class=\"elementor-spacer\">\n\t\t\t<div class=\"elementor-spacer-inner\"><\/div>\n\t\t<\/div>\n\t\t\t\t\t\t<\/div>\n\t\t\t\t<\/div>\n\t\t\t\t\t<\/div>\n\t\t\t\t<\/div>\n\t\t\t\t<\/div>\n\t\t","protected":false},"excerpt":{"rendered":"<p>Erikoiskoneet turvekoneet Teemme uusiin ja k\u00e4ytettyihin rinnekoneisiin aumaus \/ turvekoneiden muutosty\u00f6t. Erikoiskoneet Teemme my\u00f6s Asiakkaiden tarpeiden mukaan erikoiskoneita ja ratkaisuja. Ole yhteydess\u00e4 niin katsotaan voimmeko olla avuksi!<\/p>\n","protected":false},"author":1,"featured_media":0,"parent":33,"menu_order":0,"comment_status":"closed","ping_status":"closed","template":"","meta":{"_uag_custom_page_level_css":"","site-sidebar-layout":"no-sidebar","site-content-layout":"page-builder","ast-site-content-layout":"full-width-container","site-content-style":"unboxed","site-sidebar-style":"unboxed","ast-global-header-display":"","ast-banner-title-visibility":"","ast-main-header-display":"","ast-hfb-above-header-display":"","ast-hfb-below-header-display":"","ast-hfb-mobile-header-display":"","site-post-title":"disabled","ast-breadcrumbs-content":"","ast-featured-img":"disabled","footer-sml-layout":"","ast-disable-related-posts":"","theme-transparent-header-meta":"","adv-header-id-meta":"","stick-header-meta":"","header-above-stick-meta":"","header-main-stick-meta":"","header-below-stick-meta":"","astra-migrate-meta-layouts":"set","ast-page-background-enabled":"default","ast-page-background-meta":{"desktop":{"background-color":"","background-image":"","background-repeat":"repeat","background-position":"center center","background-size":"auto","background-attachment":"scroll","background-type":"","background-media":"","overlay-type":"","overlay-color":"","overlay-opacity":"","overlay-gradient":""},"tablet":{"background-color":"","background-image":"","background-repeat":"repeat","background-position":"center center","background-size":"auto","background-attachment":"scroll","background-type":"","background-media":"","overlay-type":"","overlay-color":"","overlay-opacity":"","overlay-gradient":""},"mobile":{"background-color":"","background-image":"","background-repeat":"repeat","background-position":"center center","background-size":"auto","background-attachment":"scroll","background-type":"","background-media":"","overlay-type":"","overlay-color":"","overlay-opacity":"","overlay-gradient":""}},"ast-content-background-meta":{"desktop":{"background-color":"var(--ast-global-color-5)","background-image":"","background-repeat":"repeat","background-position":"center center","background-size":"auto","background-attachment":"scroll","background-type":"","background-media":"","overlay-type":"","overlay-color":"","overlay-opacity":"","overlay-gradient":""},"tablet":{"background-color":"var(--ast-global-color-5)","background-image":"","background-repeat":"repeat","background-position":"center center","background-size":"auto","background-attachment":"scroll","background-type":"","background-media":"","overlay-type":"","overlay-color":"","overlay-opacity":"","overlay-gradient":""},"mobile":{"background-color":"var(--ast-global-color-5)","background-image":"","background-repeat":"repeat","background-position":"center center","background-size":"auto","background-attachment":"scroll","background-type":"","background-media":"","overlay-type":"","overlay-color":"","overlay-opacity":"","overlay-gradient":""}},"footnotes":""},"class_list":["post-1901","page","type-page","status-publish","hentry"],"uagb_featured_image_src":{"full":false,"thumbnail":false,"medium":false,"medium_large":false,"large":false,"1536x1536":false,"2048x2048":false},"uagb_author_info":{"display_name":"arcticwebdesign.eemeli@gmail.com","author_link":"https:\/\/artic-freetec.com\/?author=1"},"uagb_comment_info":0,"uagb_excerpt":"Erikoiskoneet turvekoneet Teemme uusiin ja k\u00e4ytettyihin rinnekoneisiin aumaus \/ turvekoneiden muutosty\u00f6t. Erikoiskoneet Teemme my\u00f6s Asiakkaiden tarpeiden mukaan erikoiskoneita ja ratkaisuja. Ole yhteydess\u00e4 niin katsotaan voimmeko olla avuksi!","_links":{"self":[{"href":"https:\/\/artic-freetec.com\/index.php?rest_route=\/wp\/v2\/pages\/1901","targetHints":{"allow":["GET"]}}],"collection":[{"href":"https:\/\/artic-freetec.com\/index.php?rest_route=\/wp\/v2\/pages"}],"about":[{"href":"https:\/\/artic-freetec.com\/index.php?rest_route=\/wp\/v2\/types\/page"}],"author":[{"embeddable":true,"href":"https:\/\/artic-freetec.com\/index.php?rest_route=\/wp\/v2\/users\/1"}],"replies":[{"embeddable":true,"href":"https:\/\/artic-freetec.com\/index.php?rest_route=%2Fwp%2Fv2%2Fcomments&post=1901"}],"version-history":[{"count":46,"href":"https:\/\/artic-freetec.com\/index.php?rest_route=\/wp\/v2\/pages\/1901\/revisions"}],"predecessor-version":[{"id":2173,"href":"https:\/\/artic-freetec.com\/index.php?rest_route=\/wp\/v2\/pages\/1901\/revisions\/2173"}],"up":[{"embeddable":true,"href":"https:\/\/artic-freetec.com\/index.php?rest_route=\/wp\/v2\/pages\/33"}],"wp:attachment":[{"href":"https:\/\/artic-freetec.com\/index.php?rest_route=%2Fwp%2Fv2%2Fmedia&parent=1901"}],"curies":[{"name":"wp","href":"https:\/\/api.w.org\/{rel}","templated":true}]}}