{"id":31,"date":"2026-03-03T22:17:47","date_gmt":"2026-03-03T22:17:47","guid":{"rendered":"https:\/\/arcticwebtestsite.fi\/about\/"},"modified":"2026-04-21T21:40:58","modified_gmt":"2026-04-21T21:40:58","slug":"about","status":"publish","type":"page","link":"https:\/\/artic-freetec.com\/?page_id=31","title":{"rendered":"DEMACLENKO"},"content":{"rendered":"\t\t<div data-elementor-type=\"wp-page\" data-elementor-id=\"31\" class=\"elementor elementor-31\">\n\t\t\t\t<div class=\"elementor-element elementor-element-9010cd0 e-flex e-con-boxed e-con e-parent\" data-id=\"9010cd0\" data-element_type=\"container\" data-e-type=\"container\" data-settings=\"{&quot;background_background&quot;:&quot;classic&quot;}\">\n\t\t\t\t\t<div class=\"e-con-inner\">\n\t\t<div class=\"elementor-element elementor-element-5a69cc7 e-con-full e-flex e-con e-child\" data-id=\"5a69cc7\" data-element_type=\"container\" data-e-type=\"container\">\n\t\t\t\t<div class=\"elementor-element elementor-element-2f87dff elementor-widget elementor-widget-image\" data-id=\"2f87dff\" data-element_type=\"widget\" data-e-type=\"widget\" data-widget_type=\"image.default\">\n\t\t\t\t<div class=\"elementor-widget-container\">\n\t\t\t\t\t\t\t\t\t\t\t\t\t\t\t<img fetchpriority=\"high\" decoding=\"async\" width=\"600\" height=\"314\" src=\"https:\/\/artic-freetec.com\/wp-content\/uploads\/2026\/03\/demaclenko-ltd-logo-vector-e1772595402541.png\" class=\"attachment-large size-large wp-image-1844\" alt=\"\" srcset=\"https:\/\/artic-freetec.com\/wp-content\/uploads\/2026\/03\/demaclenko-ltd-logo-vector-e1772595402541.png 600w, https:\/\/artic-freetec.com\/wp-content\/uploads\/2026\/03\/demaclenko-ltd-logo-vector-e1772595402541-300x157.png 300w\" sizes=\"(max-width: 600px) 100vw, 600px\" \/>\t\t\t\t\t\t\t\t\t\t\t\t\t\t\t<\/div>\n\t\t\t\t<\/div>\n\t\t\t\t<\/div>\n\t\t\t\t\t<\/div>\n\t\t\t\t<\/div>\n\t\t<div class=\"elementor-element elementor-element-d2989bc e-flex e-con-boxed e-con e-parent\" data-id=\"d2989bc\" data-element_type=\"container\" data-e-type=\"container\">\n\t\t\t\t\t<div class=\"e-con-inner\">\n\t\t<div class=\"elementor-element elementor-element-e51e02b e-con-full e-flex e-con e-child\" data-id=\"e51e02b\" data-element_type=\"container\" data-e-type=\"container\">\n\t\t\t\t<div class=\"elementor-element elementor-element-cd08e11 elementor-widget elementor-widget-image\" data-id=\"cd08e11\" data-element_type=\"widget\" data-e-type=\"widget\" data-widget_type=\"image.default\">\n\t\t\t\t<div class=\"elementor-widget-container\">\n\t\t\t\t\t\t\t\t\t\t\t\t\t\t\t<img decoding=\"async\" width=\"1024\" height=\"683\" src=\"https:\/\/artic-freetec.com\/wp-content\/uploads\/2026\/03\/asp-27.jpg\" class=\"attachment-large size-large wp-image-1883\" alt=\"\" srcset=\"https:\/\/artic-freetec.com\/wp-content\/uploads\/2026\/03\/asp-27.jpg 1024w, https:\/\/artic-freetec.com\/wp-content\/uploads\/2026\/03\/asp-27-300x200.jpg 300w, https:\/\/artic-freetec.com\/wp-content\/uploads\/2026\/03\/asp-27-768x512.jpg 768w\" sizes=\"(max-width: 1024px) 100vw, 1024px\" \/>\t\t\t\t\t\t\t\t\t\t\t\t\t\t\t<\/div>\n\t\t\t\t<\/div>\n\t\t\t\t<\/div>\n\t\t<div class=\"elementor-element elementor-element-fa713d7 e-con-full e-flex e-con e-child\" data-id=\"fa713d7\" data-element_type=\"container\" data-e-type=\"container\">\n\t\t<div class=\"elementor-element elementor-element-49a88f0 e-con-full e-flex e-con e-child\" data-id=\"49a88f0\" data-element_type=\"container\" data-e-type=\"container\">\n\t\t\t\t<div class=\"elementor-element elementor-element-4beb7dd elementor-widget elementor-widget-heading\" data-id=\"4beb7dd\" data-element_type=\"widget\" data-e-type=\"widget\" data-widget_type=\"heading.default\">\n\t\t\t\t<div class=\"elementor-widget-container\">\n\t\t\t\t\t<div class=\"elementor-heading-title elementor-size-default\">Titan 4.0 ja 5.0<\/div>\t\t\t\t<\/div>\n\t\t\t\t<\/div>\n\t\t\t\t<div class=\"elementor-element elementor-element-fd43ce2 elementor-widget elementor-widget-heading\" data-id=\"fd43ce2\" data-element_type=\"widget\" data-e-type=\"widget\" data-widget_type=\"heading.default\">\n\t\t\t\t<div class=\"elementor-widget-container\">\n\t\t\t\t\t<div class=\"elementor-heading-title elementor-size-default\"><span style=\"font-weight: 400;text-transform: none;white-space: normal;font-size: medium\">TITAN on tehokas ja luotettava lumitykki, joka on suunniteltu tuottamaan korkealaatuista lunta vaativissakin olosuhteissa. Sen vankka rakenne ja moderni tekniikka takaavat erinomaisen suorituskyvyn sek\u00e4 energiatehokkaan toiminnan. Titan pystyy tuottamaan suuria m\u00e4\u00e4ri\u00e4 lunta nopeasti ja tasaisesti, mik\u00e4 tekee siit\u00e4 ihanteellisen ratkaisun hiihtokeskusten rinteille ja muihin lumetusalueisiin. Laitteen tarkka ohjaus ja s\u00e4\u00e4dett\u00e4v\u00e4t asetukset mahdollistavat lumen tuotannon optimoinnin erilaisissa s\u00e4\u00e4olosuhteissa, jolloin saadaan aikaan kest\u00e4v\u00e4 ja tasalaatuinen lumipinta. Titan yhdist\u00e4\u00e4 tehokkuuden, kest\u00e4vyyden ja helppok\u00e4ytt\u00f6isyyden, mink\u00e4 ansiosta se on luotettava valinta ammattimaiseen lumetukseen.<\/span><\/div>\t\t\t\t<\/div>\n\t\t\t\t<\/div>\n\t\t\t\t<\/div>\n\t\t\t\t<\/div>\n\t\t\t\t\t<\/div>\n\t\t\t\t<\/div>\n\t\t<div class=\"elementor-element elementor-element-246a3fd e-flex e-con-boxed e-con e-parent\" data-id=\"246a3fd\" data-element_type=\"container\" data-e-type=\"container\">\n\t\t\t\t\t<div class=\"e-con-inner\">\n\t\t<div class=\"elementor-element elementor-element-79eb289 e-con-full e-flex e-con e-child\" data-id=\"79eb289\" data-element_type=\"container\" data-e-type=\"container\">\n\t\t\t\t<div class=\"elementor-element elementor-element-31858dd elementor-widget elementor-widget-heading\" data-id=\"31858dd\" data-element_type=\"widget\" data-e-type=\"widget\" data-widget_type=\"heading.default\">\n\t\t\t\t<div class=\"elementor-widget-container\">\n\t\t\t\t\t<div class=\"elementor-heading-title elementor-size-default\">Evo 3.0 ja 4.0<\/div>\t\t\t\t<\/div>\n\t\t\t\t<\/div>\n\t\t\t\t<div class=\"elementor-element elementor-element-e1544fe elementor-widget elementor-widget-heading\" data-id=\"e1544fe\" data-element_type=\"widget\" data-e-type=\"widget\" data-widget_type=\"heading.default\">\n\t\t\t\t<div class=\"elementor-widget-container\">\n\t\t\t\t\t<h5 class=\"elementor-heading-title elementor-size-default\"><span style=\"font-weight: 400;text-transform: none;white-space: normal;font-size: medium\">EVO on moderni ja tehokas lumitykki, joka on suunniteltu tuottamaan laadukasta lunta mahdollisimman energiatehokkaasti. Sen kompakti rakenne ja edistyksellinen teknologia mahdollistavat luotettavan toiminnan erilaisissa s\u00e4\u00e4olosuhteissa. Evo pystyy tuottamaan tasalaatuista lunta nopeasti ja tehokkaasti, mik\u00e4 tekee siit\u00e4 erinomaisen valinnan hiihtokeskusten rinteille ja muihin lumetusalueisiin. Laitteen automaattinen ohjausj\u00e4rjestelm\u00e4 optimoi lumetuksen olosuhteiden mukaan, mik\u00e4 parantaa energiatehokkuutta ja helpottaa k\u00e4ytt\u00f6\u00e4. Evo yhdist\u00e4\u00e4 suorituskyvyn, luotettavuuden ja helppok\u00e4ytt\u00f6isyyden, mink\u00e4 ansiosta se on toimiva ratkaisu ammattimaiseen lumetukseen.<\/span><\/h5>\t\t\t\t<\/div>\n\t\t\t\t<\/div>\n\t\t\t\t<\/div>\n\t\t<div class=\"elementor-element elementor-element-9155302 e-con-full e-flex e-con e-child\" data-id=\"9155302\" data-element_type=\"container\" data-e-type=\"container\">\n\t\t\t\t<div class=\"elementor-element elementor-element-cc14e0a elementor-widget elementor-widget-image\" data-id=\"cc14e0a\" data-element_type=\"widget\" data-e-type=\"widget\" data-widget_type=\"image.default\">\n\t\t\t\t<div class=\"elementor-widget-container\">\n\t\t\t\t\t\t\t\t\t\t\t\t\t\t\t<img decoding=\"async\" width=\"1024\" height=\"683\" src=\"https:\/\/artic-freetec.com\/wp-content\/uploads\/2026\/03\/evo4.0_6.jpg\" class=\"attachment-large size-large wp-image-1885\" alt=\"\" srcset=\"https:\/\/artic-freetec.com\/wp-content\/uploads\/2026\/03\/evo4.0_6.jpg 1024w, https:\/\/artic-freetec.com\/wp-content\/uploads\/2026\/03\/evo4.0_6-300x200.jpg 300w, https:\/\/artic-freetec.com\/wp-content\/uploads\/2026\/03\/evo4.0_6-768x512.jpg 768w\" sizes=\"(max-width: 1024px) 100vw, 1024px\" \/>\t\t\t\t\t\t\t\t\t\t\t\t\t\t\t<\/div>\n\t\t\t\t<\/div>\n\t\t\t\t<\/div>\n\t\t\t\t\t<\/div>\n\t\t\t\t<\/div>\n\t\t<div class=\"elementor-element elementor-element-b30d80b e-flex e-con-boxed e-con e-parent\" data-id=\"b30d80b\" data-element_type=\"container\" data-e-type=\"container\">\n\t\t\t\t\t<div class=\"e-con-inner\">\n\t\t<div class=\"elementor-element elementor-element-ed6c089 e-con-full e-flex e-con e-child\" data-id=\"ed6c089\" data-element_type=\"container\" data-e-type=\"container\">\n\t\t\t\t<div class=\"elementor-element elementor-element-cf9e0fc elementor-widget elementor-widget-image\" data-id=\"cf9e0fc\" data-element_type=\"widget\" data-e-type=\"widget\" data-widget_type=\"image.default\">\n\t\t\t\t<div class=\"elementor-widget-container\">\n\t\t\t\t\t\t\t\t\t\t\t\t\t\t\t<img loading=\"lazy\" decoding=\"async\" width=\"1024\" height=\"682\" src=\"https:\/\/artic-freetec.com\/wp-content\/uploads\/2026\/04\/Kuva-1.jpeg\" class=\"attachment-large size-large wp-image-1973\" alt=\"\" srcset=\"https:\/\/artic-freetec.com\/wp-content\/uploads\/2026\/04\/Kuva-1.jpeg 1024w, https:\/\/artic-freetec.com\/wp-content\/uploads\/2026\/04\/Kuva-1-300x200.jpeg 300w, https:\/\/artic-freetec.com\/wp-content\/uploads\/2026\/04\/Kuva-1-768x512.jpeg 768w\" sizes=\"(max-width: 1024px) 100vw, 1024px\" \/>\t\t\t\t\t\t\t\t\t\t\t\t\t\t\t<\/div>\n\t\t\t\t<\/div>\n\t\t\t\t<\/div>\n\t\t<div class=\"elementor-element elementor-element-eb898a4 e-con-full e-flex e-con e-child\" data-id=\"eb898a4\" data-element_type=\"container\" data-e-type=\"container\">\n\t\t<div class=\"elementor-element elementor-element-c2bec46 e-con-full e-flex e-con e-child\" data-id=\"c2bec46\" data-element_type=\"container\" data-e-type=\"container\">\n\t\t\t\t<div class=\"elementor-element elementor-element-c0c3f5d elementor-widget elementor-widget-heading\" data-id=\"c0c3f5d\" data-element_type=\"widget\" data-e-type=\"widget\" data-widget_type=\"heading.default\">\n\t\t\t\t<div class=\"elementor-widget-container\">\n\t\t\t\t\t<div class=\"elementor-heading-title elementor-size-default\">Eos 4.0<\/div>\t\t\t\t<\/div>\n\t\t\t\t<\/div>\n\t\t\t\t<\/div>\n\t\t<div class=\"elementor-element elementor-element-373c737 e-con-full e-flex e-con e-child\" data-id=\"373c737\" data-element_type=\"container\" data-e-type=\"container\">\n\t\t\t\t<div class=\"elementor-element elementor-element-64eef62 elementor-widget elementor-widget-heading\" data-id=\"64eef62\" data-element_type=\"widget\" data-e-type=\"widget\" data-widget_type=\"heading.default\">\n\t\t\t\t<div class=\"elementor-widget-container\">\n\t\t\t\t\t<div class=\"elementor-heading-title elementor-size-default\"><strong data-start=\"72\" data-end=\"94\" style=\"text-transform: none;white-space: normal\"><\/strong><span style=\"font-weight: 400;text-transform: none;white-space: normal;font-size: medium\">Eos 4.0 on \u00e4lyk\u00e4s lumetusj\u00e4rjestelm\u00e4n ohjausalusta, joka yhdist\u00e4\u00e4 s\u00e4\u00e4datan, pumppuasemat ja lumitykit yhdeksi keskitetysti hallittavaksi kokonaisuudeksi. J\u00e4rjestelm\u00e4 analysoi reaaliaikaisesti keskeisi\u00e4 parametreja, kuten l\u00e4mp\u00f6tilaa, kosteutta, vedenpainetta ja energiankulutusta, optimoiden lumen tuotannon automaattisesti maksimaalisen tehokkuuden saavuttamiseksi. EOS 4.0 parantaa resurssitehokkuutta, v\u00e4hent\u00e4\u00e4 energiankulutusta ja tarjoaa modernin k\u00e4ytt\u00f6liittym\u00e4n koko lumetusverkon tarkkaan hallintaan.<\/span><\/div>\t\t\t\t<\/div>\n\t\t\t\t<\/div>\n\t\t\t\t<\/div>\n\t\t\t\t<\/div>\n\t\t\t\t\t<\/div>\n\t\t\t\t<\/div>\n\t\t<div class=\"elementor-element elementor-element-9a6dde2 e-flex e-con-boxed e-con e-parent\" data-id=\"9a6dde2\" data-element_type=\"container\" data-e-type=\"container\">\n\t\t\t\t\t<div class=\"e-con-inner\">\n\t\t<div class=\"elementor-element elementor-element-1d29821 e-con-full e-flex e-con e-child\" data-id=\"1d29821\" data-element_type=\"container\" data-e-type=\"container\">\n\t\t<div class=\"elementor-element elementor-element-de39717 e-con-full e-flex e-con e-child\" data-id=\"de39717\" data-element_type=\"container\" data-e-type=\"container\">\n\t\t\t\t<div class=\"elementor-element elementor-element-38d521d elementor-widget elementor-widget-heading\" data-id=\"38d521d\" data-element_type=\"widget\" data-e-type=\"widget\" data-widget_type=\"heading.default\">\n\t\t\t\t<div class=\"elementor-widget-container\">\n\t\t\t\t\t<div class=\"elementor-heading-title elementor-size-default\">Ventus 4.0 Blizzard<\/div>\t\t\t\t<\/div>\n\t\t\t\t<\/div>\n\t\t\t\t<\/div>\n\t\t<div class=\"elementor-element elementor-element-af869c2 e-con-full e-flex e-con e-child\" data-id=\"af869c2\" data-element_type=\"container\" data-e-type=\"container\">\n\t\t\t\t<div class=\"elementor-element elementor-element-2b13d04 elementor-widget elementor-widget-heading\" data-id=\"2b13d04\" data-element_type=\"widget\" data-e-type=\"widget\" data-widget_type=\"heading.default\">\n\t\t\t\t<div class=\"elementor-widget-container\">\n\t\t\t\t\t<div class=\"elementor-heading-title elementor-size-default\"><span style=\"letter-spacing: normal;white-space: normal;font-size: medium\">ventus on korkean suorituskyvyn puhallinlumitykki, joka on suunniteltu tehokkaaseen ja energiatehokkaaseen lumen tuotantoon vaihtelevissa s\u00e4\u00e4olosuhteissa. J\u00e4rjestelm\u00e4 hy\u00f6dynt\u00e4\u00e4 optimoitua ilman ja veden sekoitusta sek\u00e4 automaattista ohjausta, joka s\u00e4\u00e4t\u00e4\u00e4 tuotantoa reaaliaikaisesti l\u00e4mp\u00f6tilan ja kosteuden mukaan. Ventus tarjoaa tasalaatuisen lumen, alhaisen energiankulutuksen ja luotettavan toiminnan, tehden siit\u00e4 tehokkaan ratkaisun vaativaan lumetukseen.<\/span><\/div>\t\t\t\t<\/div>\n\t\t\t\t<\/div>\n\t\t\t\t<\/div>\n\t\t\t\t<\/div>\n\t\t\t\t<div class=\"elementor-element elementor-element-8c221e4 elementor-widget elementor-widget-image\" data-id=\"8c221e4\" data-element_type=\"widget\" data-e-type=\"widget\" data-widget_type=\"image.default\">\n\t\t\t\t<div class=\"elementor-widget-container\">\n\t\t\t\t\t\t\t\t\t\t\t\t\t\t\t<img loading=\"lazy\" decoding=\"async\" width=\"1024\" height=\"766\" src=\"https:\/\/artic-freetec.com\/wp-content\/uploads\/2026\/04\/Kuva-2.jpeg\" class=\"attachment-large size-large wp-image-1974\" alt=\"\" srcset=\"https:\/\/artic-freetec.com\/wp-content\/uploads\/2026\/04\/Kuva-2.jpeg 1024w, https:\/\/artic-freetec.com\/wp-content\/uploads\/2026\/04\/Kuva-2-300x224.jpeg 300w, https:\/\/artic-freetec.com\/wp-content\/uploads\/2026\/04\/Kuva-2-768x575.jpeg 768w\" sizes=\"(max-width: 1024px) 100vw, 1024px\" \/>\t\t\t\t\t\t\t\t\t\t\t\t\t\t\t<\/div>\n\t\t\t\t<\/div>\n\t\t\t\t\t<\/div>\n\t\t\t\t<\/div>\n\t\t\t\t<\/div>\n\t\t","protected":false},"excerpt":{"rendered":"<p>Titan 4.0 ja 5.0 TITAN on tehokas ja luotettava lumitykki, joka on suunniteltu tuottamaan korkealaatuista lunta vaativissakin olosuhteissa. Sen vankka rakenne ja moderni tekniikka takaavat erinomaisen suorituskyvyn sek\u00e4 energiatehokkaan toiminnan. Titan pystyy tuottamaan suuria m\u00e4\u00e4ri\u00e4 lunta nopeasti ja tasaisesti, mik\u00e4 tekee siit\u00e4 ihanteellisen ratkaisun hiihtokeskusten rinteille ja muihin lumetusalueisiin. Laitteen tarkka ohjaus ja s\u00e4\u00e4dett\u00e4v\u00e4t asetukset [&hellip;]<\/p>\n","protected":false},"author":1,"featured_media":0,"parent":0,"menu_order":0,"comment_status":"closed","ping_status":"closed","template":"","meta":{"_uag_custom_page_level_css":"","site-sidebar-layout":"no-sidebar","site-content-layout":"page-builder","ast-site-content-layout":"full-width-container","site-content-style":"unboxed","site-sidebar-style":"unboxed","ast-global-header-display":"","ast-banner-title-visibility":"","ast-main-header-display":"","ast-hfb-above-header-display":"","ast-hfb-below-header-display":"","ast-hfb-mobile-header-display":"","site-post-title":"disabled","ast-breadcrumbs-content":"","ast-featured-img":"","footer-sml-layout":"","ast-disable-related-posts":"","theme-transparent-header-meta":"enabled","adv-header-id-meta":"","stick-header-meta":"","header-above-stick-meta":"","header-main-stick-meta":"","header-below-stick-meta":"","astra-migrate-meta-layouts":"set","ast-page-background-enabled":"default","ast-page-background-meta":{"desktop":{"background-color":"","background-image":"","background-repeat":"repeat","background-position":"center center","background-size":"auto","background-attachment":"scroll","background-type":"","background-media":"","overlay-type":"","overlay-color":"","overlay-opacity":"","overlay-gradient":""},"tablet":{"background-color":"","background-image":"","background-repeat":"repeat","background-position":"center center","background-size":"auto","background-attachment":"scroll","background-type":"","background-media":"","overlay-type":"","overlay-color":"","overlay-opacity":"","overlay-gradient":""},"mobile":{"background-color":"","background-image":"","background-repeat":"repeat","background-position":"center center","background-size":"auto","background-attachment":"scroll","background-type":"","background-media":"","overlay-type":"","overlay-color":"","overlay-opacity":"","overlay-gradient":""}},"ast-content-background-meta":{"desktop":{"background-color":"var(--ast-global-color-5)","background-image":"","background-repeat":"repeat","background-position":"center center","background-size":"auto","background-attachment":"scroll","background-type":"","background-media":"","overlay-type":"","overlay-color":"","overlay-opacity":"","overlay-gradient":""},"tablet":{"background-color":"var(--ast-global-color-5)","background-image":"","background-repeat":"repeat","background-position":"center center","background-size":"auto","background-attachment":"scroll","background-type":"","background-media":"","overlay-type":"","overlay-color":"","overlay-opacity":"","overlay-gradient":""},"mobile":{"background-color":"var(--ast-global-color-5)","background-image":"","background-repeat":"repeat","background-position":"center center","background-size":"auto","background-attachment":"scroll","background-type":"","background-media":"","overlay-type":"","overlay-color":"","overlay-opacity":"","overlay-gradient":""}},"footnotes":""},"class_list":["post-31","page","type-page","status-publish","hentry"],"uagb_featured_image_src":{"full":false,"thumbnail":false,"medium":false,"medium_large":false,"large":false,"1536x1536":false,"2048x2048":false},"uagb_author_info":{"display_name":"arcticwebdesign.eemeli@gmail.com","author_link":"https:\/\/artic-freetec.com\/?author=1"},"uagb_comment_info":0,"uagb_excerpt":"Titan 4.0 ja 5.0 TITAN on tehokas ja luotettava lumitykki, joka on suunniteltu tuottamaan korkealaatuista lunta vaativissakin olosuhteissa. Sen vankka rakenne ja moderni tekniikka takaavat erinomaisen suorituskyvyn sek\u00e4 energiatehokkaan toiminnan. Titan pystyy tuottamaan suuria m\u00e4\u00e4ri\u00e4 lunta nopeasti ja tasaisesti, mik\u00e4 tekee siit\u00e4 ihanteellisen ratkaisun hiihtokeskusten rinteille ja muihin lumetusalueisiin. Laitteen tarkka ohjaus ja s\u00e4\u00e4dett\u00e4v\u00e4t asetukset&hellip;","_links":{"self":[{"href":"https:\/\/artic-freetec.com\/index.php?rest_route=\/wp\/v2\/pages\/31","targetHints":{"allow":["GET"]}}],"collection":[{"href":"https:\/\/artic-freetec.com\/index.php?rest_route=\/wp\/v2\/pages"}],"about":[{"href":"https:\/\/artic-freetec.com\/index.php?rest_route=\/wp\/v2\/types\/page"}],"author":[{"embeddable":true,"href":"https:\/\/artic-freetec.com\/index.php?rest_route=\/wp\/v2\/users\/1"}],"replies":[{"embeddable":true,"href":"https:\/\/artic-freetec.com\/index.php?rest_route=%2Fwp%2Fv2%2Fcomments&post=31"}],"version-history":[{"count":32,"href":"https:\/\/artic-freetec.com\/index.php?rest_route=\/wp\/v2\/pages\/31\/revisions"}],"predecessor-version":[{"id":2199,"href":"https:\/\/artic-freetec.com\/index.php?rest_route=\/wp\/v2\/pages\/31\/revisions\/2199"}],"wp:attachment":[{"href":"https:\/\/artic-freetec.com\/index.php?rest_route=%2Fwp%2Fv2%2Fmedia&parent=31"}],"curies":[{"name":"wp","href":"https:\/\/api.w.org\/{rel}","templated":true}]}}