{"id":32,"date":"2026-03-03T22:17:47","date_gmt":"2026-03-03T22:17:47","guid":{"rendered":"https:\/\/arcticwebtestsite.fi\/services\/"},"modified":"2026-04-21T21:40:58","modified_gmt":"2026-04-21T21:40:58","slug":"services","status":"publish","type":"page","link":"https:\/\/artic-freetec.com\/?page_id=32","title":{"rendered":"PRINOTH"},"content":{"rendered":"\t\t<div data-elementor-type=\"wp-page\" data-elementor-id=\"32\" class=\"elementor elementor-32\">\n\t\t\t\t<div class=\"elementor-element elementor-element-632a7fa e-flex e-con-boxed e-con e-parent\" data-id=\"632a7fa\" data-element_type=\"container\" data-e-type=\"container\" data-settings=\"{&quot;background_background&quot;:&quot;classic&quot;}\">\n\t\t\t\t\t<div class=\"e-con-inner\">\n\t\t<div class=\"elementor-element elementor-element-868c7c6 e-con-full e-flex e-con e-child\" data-id=\"868c7c6\" data-element_type=\"container\" data-e-type=\"container\">\n\t\t\t\t<\/div>\n\t\t\t\t\t<\/div>\n\t\t\t\t<\/div>\n\t\t<div class=\"elementor-element elementor-element-27d9087 e-flex e-con-boxed e-con e-parent\" data-id=\"27d9087\" data-element_type=\"container\" data-e-type=\"container\" data-settings=\"{&quot;background_background&quot;:&quot;classic&quot;}\">\n\t\t\t\t\t<div class=\"e-con-inner\">\n\t\t<div class=\"elementor-element elementor-element-1bb4ead e-con-full e-flex e-con e-child\" data-id=\"1bb4ead\" data-element_type=\"container\" data-e-type=\"container\">\n\t\t\t\t<div class=\"elementor-element elementor-element-e1406ee elementor-widget elementor-widget-hfe-infocard\" data-id=\"e1406ee\" data-element_type=\"widget\" data-e-type=\"widget\" data-widget_type=\"hfe-infocard.default\">\n\t\t\t\t<div class=\"elementor-widget-container\">\n\t\t\t\t\t\n\t\t<div class=\"hfe-infocard\">\n\t\t\t\t\t\t\t\t\t<div class=\"hfe-infocard-title-wrap\">\n\t\t\t\t<div class=\"hfe-infocard-title elementor-inline-editing\" data-elementor-setting-key=\"infocard_title\" data-elementor-inline-editing-toolbar=\"basic\" >Leitwolf<\/div>\t\t\t<\/div>\n\t\t\t\t\t\t<div class=\"hfe-infocard-text-wrap\">\n\t\t\t\t<div class=\"hfe-infocard-text elementor-inline-editing\" data-elementor-setting-key=\"infocard_description\" data-elementor-inline-editing-toolbar=\"advanced\">\n\t\t\t\t\tMaksimaalinen kaltevuus pienell\u00e4 vaivalla: t\u00e4m\u00e4 on LEITWOLFIN motto. Vertaansa vailla olevan 530 hevosvoiman ansiosta se on maailman tehokkain rinnekone. Ty\u00f6skentelyleveydell\u00e4 4,5 m ja patentoidulla akselin suuntaisella siirtym\u00e4ll\u00e4 se k\u00e4sittelee suurimmatkin rinteet lyhyimm\u00e4ss\u00e4 ajassa. AUTOMATIC -vinssill\u00e4 varustetut jopa 100%: n kaltevuudet ovat lasten leikki\u00e4.\t\t\t\t<\/div>\n\t\t\t\t\t\t\t<\/div>\n\t\t<\/div>\n\n\t\t\t\t\t\t<\/div>\n\t\t\t\t<\/div>\n\t\t\t\t<\/div>\n\t\t<div class=\"elementor-element elementor-element-11f63ad e-con-full e-flex e-con e-child\" data-id=\"11f63ad\" data-element_type=\"container\" data-e-type=\"container\">\n\t\t\t\t<div class=\"elementor-element elementor-element-f6ecc00 elementor-widget elementor-widget-image\" data-id=\"f6ecc00\" data-element_type=\"widget\" data-e-type=\"widget\" data-widget_type=\"image.default\">\n\t\t\t\t<div class=\"elementor-widget-container\">\n\t\t\t\t\t\t\t\t\t\t\t\t\t\t\t<img fetchpriority=\"high\" decoding=\"async\" width=\"1024\" height=\"528\" src=\"https:\/\/artic-freetec.com\/wp-content\/uploads\/2026\/03\/SG_Leitwolf_header.e2cc0ded-1024x528.png\" class=\"attachment-large size-large wp-image-1721\" alt=\"\" srcset=\"https:\/\/artic-freetec.com\/wp-content\/uploads\/2026\/03\/SG_Leitwolf_header.e2cc0ded-1024x528.png 1024w, https:\/\/artic-freetec.com\/wp-content\/uploads\/2026\/03\/SG_Leitwolf_header.e2cc0ded-300x155.png 300w, https:\/\/artic-freetec.com\/wp-content\/uploads\/2026\/03\/SG_Leitwolf_header.e2cc0ded-768x396.png 768w, https:\/\/artic-freetec.com\/wp-content\/uploads\/2026\/03\/SG_Leitwolf_header.e2cc0ded.png 1300w\" sizes=\"(max-width: 1024px) 100vw, 1024px\" \/>\t\t\t\t\t\t\t\t\t\t\t\t\t\t\t<\/div>\n\t\t\t\t<\/div>\n\t\t\t\t<\/div>\n\t\t\t\t\t<\/div>\n\t\t\t\t<\/div>\n\t\t<div class=\"elementor-element elementor-element-7e9b5b2 e-flex e-con-boxed e-con e-parent\" data-id=\"7e9b5b2\" data-element_type=\"container\" data-e-type=\"container\" data-settings=\"{&quot;background_background&quot;:&quot;classic&quot;}\">\n\t\t\t\t\t<div class=\"e-con-inner\">\n\t\t<div class=\"elementor-element elementor-element-c6a54c4 e-con-full e-flex e-con e-child\" data-id=\"c6a54c4\" data-element_type=\"container\" data-e-type=\"container\">\n\t\t\t\t<div class=\"elementor-element elementor-element-c880b4e elementor-widget elementor-widget-image\" data-id=\"c880b4e\" data-element_type=\"widget\" data-e-type=\"widget\" data-widget_type=\"image.default\">\n\t\t\t\t<div class=\"elementor-widget-container\">\n\t\t\t\t\t\t\t\t\t\t\t\t\t\t\t<img decoding=\"async\" width=\"1024\" height=\"591\" src=\"https:\/\/artic-freetec.com\/wp-content\/uploads\/2026\/03\/SG_Bison_shadow-Photoroom.dcaac130-1024x591.png\" class=\"attachment-large size-large wp-image-1742\" alt=\"\" srcset=\"https:\/\/artic-freetec.com\/wp-content\/uploads\/2026\/03\/SG_Bison_shadow-Photoroom.dcaac130-1024x591.png 1024w, https:\/\/artic-freetec.com\/wp-content\/uploads\/2026\/03\/SG_Bison_shadow-Photoroom.dcaac130-300x173.png 300w, https:\/\/artic-freetec.com\/wp-content\/uploads\/2026\/03\/SG_Bison_shadow-Photoroom.dcaac130-768x443.png 768w, https:\/\/artic-freetec.com\/wp-content\/uploads\/2026\/03\/SG_Bison_shadow-Photoroom.dcaac130.png 1300w\" sizes=\"(max-width: 1024px) 100vw, 1024px\" \/>\t\t\t\t\t\t\t\t\t\t\t\t\t\t\t<\/div>\n\t\t\t\t<\/div>\n\t\t\t\t<\/div>\n\t\t<div class=\"elementor-element elementor-element-0a70900 e-con-full e-flex e-con e-child\" data-id=\"0a70900\" data-element_type=\"container\" data-e-type=\"container\">\n\t\t\t\t<div class=\"elementor-element elementor-element-f711776 elementor-widget elementor-widget-hfe-infocard\" data-id=\"f711776\" data-element_type=\"widget\" data-e-type=\"widget\" data-widget_type=\"hfe-infocard.default\">\n\t\t\t\t<div class=\"elementor-widget-container\">\n\t\t\t\t\t\n\t\t<div class=\"hfe-infocard\">\n\t\t\t\t\t\t\t\t\t<div class=\"hfe-infocard-title-wrap\">\n\t\t\t\t<div class=\"hfe-infocard-title elementor-inline-editing\" data-elementor-setting-key=\"infocard_title\" data-elementor-inline-editing-toolbar=\"basic\" >Bison <\/div>\t\t\t<\/div>\n\t\t\t\t\t\t<div class=\"hfe-infocard-text-wrap\">\n\t\t\t\t<div class=\"hfe-infocard-text elementor-inline-editing\" data-elementor-setting-key=\"infocard_description\" data-elementor-inline-editing-toolbar=\"advanced\">\n\t\t\t\t\tRakenna maailman parhaat parkit. Sis\u00e4- ja ulkopuoliset ominaisuudet tekev\u00e4t BISON X: st\u00e4 valinnanvaraa suurille ja pienille parkeille. Parhaan n\u00e4kyvyyden takaamiseksi kuljettajan istuin on ohjaamon keskell\u00e4. N\u00e4kyvyyden parantamiseksi s\u00e4hk\u00f6inen liukuva istuintoiminto mahdollistaa kuljettajan siirt\u00e4\u00e4 istuimen koneen vasemmalle puolelle. Lis\u00e4ksi puskulevyn ja jyrsimen ohjauskahvan liikealue, mittatilausty\u00f6n\u00e4 valmistettu puskulevy varustettu sivuleikkurilla ja kaltevuusmittari mahdollistavat pys\u00e4k\u00f6intielementtien t\u00e4ydellisen valmistelun ahtaimmissa kohdissa.\t\t\t\t<\/div>\n\t\t\t\t\t\t\t<\/div>\n\t\t<\/div>\n\n\t\t\t\t\t\t<\/div>\n\t\t\t\t<\/div>\n\t\t\t\t<\/div>\n\t\t\t\t\t<\/div>\n\t\t\t\t<\/div>\n\t\t<div class=\"elementor-element elementor-element-7ec7c6b e-flex e-con-boxed e-con e-parent\" data-id=\"7ec7c6b\" data-element_type=\"container\" data-e-type=\"container\" data-settings=\"{&quot;background_background&quot;:&quot;classic&quot;}\">\n\t\t\t\t\t<div class=\"e-con-inner\">\n\t\t<div class=\"elementor-element elementor-element-d1ba4fb e-con-full e-flex e-con e-child\" data-id=\"d1ba4fb\" data-element_type=\"container\" data-e-type=\"container\">\n\t\t\t\t<div class=\"elementor-element elementor-element-b38e976 elementor-widget elementor-widget-hfe-infocard\" data-id=\"b38e976\" data-element_type=\"widget\" data-e-type=\"widget\" data-widget_type=\"hfe-infocard.default\">\n\t\t\t\t<div class=\"elementor-widget-container\">\n\t\t\t\t\t\n\t\t<div class=\"hfe-infocard\">\n\t\t\t\t\t\t\t\t\t<div class=\"hfe-infocard-title-wrap\">\n\t\t\t\t<div class=\"hfe-infocard-title elementor-inline-editing\" data-elementor-setting-key=\"infocard_title\" data-elementor-inline-editing-toolbar=\"basic\" >Husky<\/div>\t\t\t<\/div>\n\t\t\t\t\t\t<div class=\"hfe-infocard-text-wrap\">\n\t\t\t\t<div class=\"hfe-infocard-text elementor-inline-editing\" data-elementor-setting-key=\"infocard_description\" data-elementor-inline-editing-toolbar=\"advanced\">\n\t\t\t\t\tHUSKY, monipuolinen ja nerokas ajoneuvo, jossa on runsaasti tehoa, sen mitat ovat 5110 mm x 2445 mm x 2655 mm, ja sen voimanl\u00e4hteen\u00e4 on nelisylinterinen moottori, joka tuottaa 231 hv (170 kW). Pakokaasup\u00e4\u00e4st\u00f6standardien mukaisesti se on ihanteellinen k\u00e4ytett\u00e4v\u00e4ksi pienemmiss\u00e4 hiihtokeskuksissa, parkeissa ja reiteill\u00e4 sen alhaisten p\u00e4\u00e4st\u00f6arvojen ja \u00e4\u00e4rimm\u00e4isen ohjattavuuden vuoksi. Se on suosittu my\u00f6s moottorikelkkareittien ja maastohiihtoreittien valmisteluun, mutta se kykenee paljon enemm\u00e4n: materiaalien ja ihmisten kuljettaminen vaikeassa maastossa on helppoa HUSKYn ansiosta.\t\t\t\t<\/div>\n\t\t\t\t\t\t\t<\/div>\n\t\t<\/div>\n\n\t\t\t\t\t\t<\/div>\n\t\t\t\t<\/div>\n\t\t\t\t<\/div>\n\t\t<div class=\"elementor-element elementor-element-9c33f81 e-con-full e-flex e-con e-child\" data-id=\"9c33f81\" data-element_type=\"container\" data-e-type=\"container\">\n\t\t\t\t<div class=\"elementor-element elementor-element-08c0a55 elementor-widget elementor-widget-image\" data-id=\"08c0a55\" data-element_type=\"widget\" data-e-type=\"widget\" data-widget_type=\"image.default\">\n\t\t\t\t<div class=\"elementor-widget-container\">\n\t\t\t\t\t\t\t\t\t\t\t\t\t\t\t<img decoding=\"async\" width=\"1024\" height=\"528\" src=\"https:\/\/artic-freetec.com\/wp-content\/uploads\/2026\/03\/SG_Husky_header.74d82908-1024x528.png\" class=\"attachment-large size-large wp-image-1743\" alt=\"\" srcset=\"https:\/\/artic-freetec.com\/wp-content\/uploads\/2026\/03\/SG_Husky_header.74d82908-1024x528.png 1024w, https:\/\/artic-freetec.com\/wp-content\/uploads\/2026\/03\/SG_Husky_header.74d82908-300x155.png 300w, https:\/\/artic-freetec.com\/wp-content\/uploads\/2026\/03\/SG_Husky_header.74d82908-768x396.png 768w, https:\/\/artic-freetec.com\/wp-content\/uploads\/2026\/03\/SG_Husky_header.74d82908.png 1300w\" sizes=\"(max-width: 1024px) 100vw, 1024px\" \/>\t\t\t\t\t\t\t\t\t\t\t\t\t\t\t<\/div>\n\t\t\t\t<\/div>\n\t\t\t\t<\/div>\n\t\t\t\t\t<\/div>\n\t\t\t\t<\/div>\n\t\t<div class=\"elementor-element elementor-element-8b7921e e-flex e-con-boxed e-con e-parent\" data-id=\"8b7921e\" data-element_type=\"container\" data-e-type=\"container\">\n\t\t\t\t\t<div class=\"e-con-inner\">\n\t\t<div class=\"elementor-element elementor-element-45f6b32 e-con-full e-flex e-con e-child\" data-id=\"45f6b32\" data-element_type=\"container\" data-e-type=\"container\">\n\t\t\t\t<div class=\"elementor-element elementor-element-7bd0ade elementor-widget elementor-widget-image\" data-id=\"7bd0ade\" data-element_type=\"widget\" data-e-type=\"widget\" data-widget_type=\"image.default\">\n\t\t\t\t<div class=\"elementor-widget-container\">\n\t\t\t\t\t\t\t\t\t\t\t\t\t\t\t<img loading=\"lazy\" decoding=\"async\" width=\"1024\" height=\"533\" src=\"https:\/\/artic-freetec.com\/wp-content\/uploads\/2026\/03\/panther-t12-Photoroom-media-b9f49cfb-query@2x.061cbcb1-1024x533.webp\" class=\"attachment-large size-large wp-image-1859\" alt=\"\" srcset=\"https:\/\/artic-freetec.com\/wp-content\/uploads\/2026\/03\/panther-t12-Photoroom-media-b9f49cfb-query@2x.061cbcb1-1024x533.webp 1024w, https:\/\/artic-freetec.com\/wp-content\/uploads\/2026\/03\/panther-t12-Photoroom-media-b9f49cfb-query@2x.061cbcb1-300x156.webp 300w, https:\/\/artic-freetec.com\/wp-content\/uploads\/2026\/03\/panther-t12-Photoroom-media-b9f49cfb-query@2x.061cbcb1-768x400.webp 768w, https:\/\/artic-freetec.com\/wp-content\/uploads\/2026\/03\/panther-t12-Photoroom-media-b9f49cfb-query@2x.061cbcb1-1536x800.webp 1536w, https:\/\/artic-freetec.com\/wp-content\/uploads\/2026\/03\/panther-t12-Photoroom-media-b9f49cfb-query@2x.061cbcb1-2048x1066.webp 2048w\" sizes=\"(max-width: 1024px) 100vw, 1024px\" \/>\t\t\t\t\t\t\t\t\t\t\t\t\t\t\t<\/div>\n\t\t\t\t<\/div>\n\t\t\t\t<\/div>\n\t\t<div class=\"elementor-element elementor-element-c7c34aa e-con-full e-flex e-con e-child\" data-id=\"c7c34aa\" data-element_type=\"container\" data-e-type=\"container\">\n\t\t<div class=\"elementor-element elementor-element-eda0a69 e-con-full e-flex e-con e-child\" data-id=\"eda0a69\" data-element_type=\"container\" data-e-type=\"container\">\n\t\t\t\t<div class=\"elementor-element elementor-element-1067a66 elementor-widget elementor-widget-heading\" data-id=\"1067a66\" data-element_type=\"widget\" data-e-type=\"widget\" data-widget_type=\"heading.default\">\n\t\t\t\t<div class=\"elementor-widget-container\">\n\t\t\t\t\t<div class=\"elementor-heading-title elementor-size-default\">Panther<\/div>\t\t\t\t<\/div>\n\t\t\t\t<\/div>\n\t\t\t\t<\/div>\n\t\t<div class=\"elementor-element elementor-element-4f437fa e-con-full e-flex e-con e-child\" data-id=\"4f437fa\" data-element_type=\"container\" data-e-type=\"container\">\n\t\t\t\t<div class=\"elementor-element elementor-element-4a8184c elementor-widget elementor-widget-heading\" data-id=\"4a8184c\" data-element_type=\"widget\" data-e-type=\"widget\" data-widget_type=\"heading.default\">\n\t\t\t\t<div class=\"elementor-widget-container\">\n\t\t\t\t\t<h2 class=\"elementor-heading-title elementor-size-default\"><span style=\"font-weight: 400;text-transform: none;white-space: normal;font-size: medium\">PANTHER on tehokas ja eritt\u00e4in monipuolinen telakuljetusajoneuvo, joka on suunniteltu vaativiin maasto-olosuhteisiin. Sen pituus on noin 7966 mm, leveys 3058 mm ja korkeus noin 2870 mm. Ajoneuvon voimanl\u00e4hteen\u00e4 toimii tehokas moottori, joka tuottaa jopa 281 hv (209 kW), tarjoten erinomaisen suorituskyvyn raskaissa ty\u00f6teht\u00e4viss\u00e4. Panther on suunniteltu kulkemaan vaikeakulkuisessa maastossa, kuten lumessa, mudassa ja pehme\u00e4ll\u00e4 maalla, samalla s\u00e4ilytt\u00e4en eritt\u00e4in alhaisen pintapaineen ja hyv\u00e4n pidon. Se pystyy kuljettamaan jopa yli 18 000 kg kuormia ja soveltuu erinomaisesti materiaalien, laitteiden ja henkil\u00f6st\u00f6n kuljettamiseen paikkoihin, joihin tavalliset py\u00f6r\u00e4ajoneuvot eiv\u00e4t p\u00e4\u00e4se. Panther yhdist\u00e4\u00e4 luotettavuuden, tehokkuuden ja turvallisuuden, mik\u00e4 tekee siit\u00e4 erinomaisen ty\u00f6v\u00e4lineen moniin vaativiin maastot\u00f6ihin.&nbsp;<\/span><\/h2>\t\t\t\t<\/div>\n\t\t\t\t<\/div>\n\t\t\t\t<\/div>\n\t\t\t\t<\/div>\n\t\t\t\t\t<\/div>\n\t\t\t\t<\/div>\n\t\t\t\t<\/div>\n\t\t","protected":false},"excerpt":{"rendered":"<p>Leitwolf Maksimaalinen kaltevuus pienell\u00e4 vaivalla: t\u00e4m\u00e4 on LEITWOLFIN motto. Vertaansa vailla olevan 530 hevosvoiman ansiosta se on maailman tehokkain rinnekone. Ty\u00f6skentelyleveydell\u00e4 4,5 m ja patentoidulla akselin suuntaisella siirtym\u00e4ll\u00e4 se k\u00e4sittelee suurimmatkin rinteet lyhyimm\u00e4ss\u00e4 ajassa. AUTOMATIC -vinssill\u00e4 varustetut jopa 100%: n kaltevuudet ovat lasten leikki\u00e4. Bison Rakenna maailman parhaat parkit. Sis\u00e4- ja ulkopuoliset ominaisuudet tekev\u00e4t BISON [&hellip;]<\/p>\n","protected":false},"author":1,"featured_media":0,"parent":0,"menu_order":0,"comment_status":"closed","ping_status":"closed","template":"","meta":{"_uag_custom_page_level_css":"","site-sidebar-layout":"no-sidebar","site-content-layout":"page-builder","ast-site-content-layout":"full-width-container","site-content-style":"unboxed","site-sidebar-style":"unboxed","ast-global-header-display":"","ast-banner-title-visibility":"","ast-main-header-display":"","ast-hfb-above-header-display":"","ast-hfb-below-header-display":"","ast-hfb-mobile-header-display":"","site-post-title":"disabled","ast-breadcrumbs-content":"","ast-featured-img":"","footer-sml-layout":"","ast-disable-related-posts":"","theme-transparent-header-meta":"enabled","adv-header-id-meta":"","stick-header-meta":"","header-above-stick-meta":"","header-main-stick-meta":"","header-below-stick-meta":"","astra-migrate-meta-layouts":"set","ast-page-background-enabled":"default","ast-page-background-meta":{"desktop":{"background-color":"","background-image":"","background-repeat":"repeat","background-position":"center center","background-size":"auto","background-attachment":"scroll","background-type":"","background-media":"","overlay-type":"","overlay-color":"","overlay-opacity":"","overlay-gradient":""},"tablet":{"background-color":"","background-image":"","background-repeat":"repeat","background-position":"center center","background-size":"auto","background-attachment":"scroll","background-type":"","background-media":"","overlay-type":"","overlay-color":"","overlay-opacity":"","overlay-gradient":""},"mobile":{"background-color":"","background-image":"","background-repeat":"repeat","background-position":"center center","background-size":"auto","background-attachment":"scroll","background-type":"","background-media":"","overlay-type":"","overlay-color":"","overlay-opacity":"","overlay-gradient":""}},"ast-content-background-meta":{"desktop":{"background-color":"var(--ast-global-color-5)","background-image":"","background-repeat":"repeat","background-position":"center center","background-size":"auto","background-attachment":"scroll","background-type":"","background-media":"","overlay-type":"","overlay-color":"","overlay-opacity":"","overlay-gradient":""},"tablet":{"background-color":"var(--ast-global-color-5)","background-image":"","background-repeat":"repeat","background-position":"center center","background-size":"auto","background-attachment":"scroll","background-type":"","background-media":"","overlay-type":"","overlay-color":"","overlay-opacity":"","overlay-gradient":""},"mobile":{"background-color":"var(--ast-global-color-5)","background-image":"","background-repeat":"repeat","background-position":"center center","background-size":"auto","background-attachment":"scroll","background-type":"","background-media":"","overlay-type":"","overlay-color":"","overlay-opacity":"","overlay-gradient":""}},"footnotes":""},"class_list":["post-32","page","type-page","status-publish","hentry"],"uagb_featured_image_src":{"full":false,"thumbnail":false,"medium":false,"medium_large":false,"large":false,"1536x1536":false,"2048x2048":false},"uagb_author_info":{"display_name":"arcticwebdesign.eemeli@gmail.com","author_link":"https:\/\/artic-freetec.com\/?author=1"},"uagb_comment_info":0,"uagb_excerpt":"Leitwolf Maksimaalinen kaltevuus pienell\u00e4 vaivalla: t\u00e4m\u00e4 on LEITWOLFIN motto. Vertaansa vailla olevan 530 hevosvoiman ansiosta se on maailman tehokkain rinnekone. Ty\u00f6skentelyleveydell\u00e4 4,5 m ja patentoidulla akselin suuntaisella siirtym\u00e4ll\u00e4 se k\u00e4sittelee suurimmatkin rinteet lyhyimm\u00e4ss\u00e4 ajassa. AUTOMATIC -vinssill\u00e4 varustetut jopa 100%: n kaltevuudet ovat lasten leikki\u00e4. Bison Rakenna maailman parhaat parkit. Sis\u00e4- ja ulkopuoliset ominaisuudet tekev\u00e4t BISON&hellip;","_links":{"self":[{"href":"https:\/\/artic-freetec.com\/index.php?rest_route=\/wp\/v2\/pages\/32","targetHints":{"allow":["GET"]}}],"collection":[{"href":"https:\/\/artic-freetec.com\/index.php?rest_route=\/wp\/v2\/pages"}],"about":[{"href":"https:\/\/artic-freetec.com\/index.php?rest_route=\/wp\/v2\/types\/page"}],"author":[{"embeddable":true,"href":"https:\/\/artic-freetec.com\/index.php?rest_route=\/wp\/v2\/users\/1"}],"replies":[{"embeddable":true,"href":"https:\/\/artic-freetec.com\/index.php?rest_route=%2Fwp%2Fv2%2Fcomments&post=32"}],"version-history":[{"count":41,"href":"https:\/\/artic-freetec.com\/index.php?rest_route=\/wp\/v2\/pages\/32\/revisions"}],"predecessor-version":[{"id":2167,"href":"https:\/\/artic-freetec.com\/index.php?rest_route=\/wp\/v2\/pages\/32\/revisions\/2167"}],"wp:attachment":[{"href":"https:\/\/artic-freetec.com\/index.php?rest_route=%2Fwp%2Fv2%2Fmedia&parent=32"}],"curies":[{"name":"wp","href":"https:\/\/api.w.org\/{rel}","templated":true}]}}